{"id":2771,"date":"2018-01-16T11:25:14","date_gmt":"2018-01-16T10:25:14","guid":{"rendered":"http:\/\/www.wiih.lodz.pl\/wp\/?page_id=2771"},"modified":"2025-06-04T08:18:09","modified_gmt":"2025-06-04T06:18:09","slug":"kontakt","status":"publish","type":"page","link":"https:\/\/www.wiih.lodz.pl\/","title":{"rendered":""},"content":{"rendered":"<h2>Wojew\u00f3dzki Inspektorat Inspekcji Handlowej w \u0141odzi<\/h2>\n<hr \/>\n<p><strong>Kontakt<\/strong><\/p>\n<p>poniedzia\u0142ek, wtorek, \u015broda, czwartek, pi\u0105tek: <strong>7:30 &#8211; 15:30<\/strong><\/p>\n<p>Obs\u0142uga interesant\u00f3w w godzinach pracy urz\u0119du, w poniedzia\u0142ki: 7:30 &#8211; 18:00.<\/p>\n<hr \/>\n<p><strong>90-730 \u0141\u00f3d\u017a, ul. Gda\u0144ska 38<\/strong><\/p>\n<p>Sekretariat (42) 636-03-57; fax: (42) 636-85-50<\/p>\n<p>e-mail: <a href=\"mailto:sekretariat@wiih.lodz.pl\">s<span style=\"color: #ff0000;\">ekretariat@wiih.lodz.pl<\/span><\/a><\/p>\n<p>adres do e-Dor\u0119cze\u0144:\u00a0AE:PL-81737-54490-CBVBA-31<\/p>\n<p>skrytka ePUAP: <span id=\"editGateForm:addListId:0:egAddrNameListId\" class=\"addr-name-output\">\/k6a3s4uq15\/SkrytkaESP<\/span><\/p>\n<hr \/>\n<p>Poradnictwo Konsumenckie, tel. 42 632-16-50, 731-794-646<\/p>\n<p>Wydzia\u0142 Kontroli Towar\u00f3w Nie\u017cywno\u015bciowych i Paliw, tel. 42 632-43-19<\/p>\n<p>Wydzia\u0142 Nadzoru Rynku i Kontroli Us\u0142ug, tel. 42 633-79-28<\/p>\n<p>Wydzia\u0142 Prawno \u2013 Organizacyjny i Pozas\u0105dowego Rozwi\u0105zywania Spor\u00f3w Konsumenckich, tel. 42 633-79-24<\/p>\n<p>Wydzia\u0142 Bud\u017cetowo \u2013 Administracyjny, tel. 42 632-25-51<\/p>\n<p>&nbsp;<\/p>\n<p><iframe loading=\"lazy\" style=\"border: 0;\" src=\"https:\/\/www.google.com\/maps\/embed?pb=!1m18!1m12!1m3!1d1234.4379082512187!2d19.44793621794167!3d51.77187737974055!2m3!1f0!2f0!3f0!3m2!1i1024!2i768!4f13.1!3m3!1m2!1s0x471bcad1803417b5%3A0x77b8fa03a9d6700b!2zR2RhxYRza2EgMzgsIDkwLTczMCDFgcOzZMW6LVBvbGVzaWU!5e0!3m2!1spl!2spl!4v1516100308597\" width=\"650\" height=\"450\" frameborder=\"0\" allowfullscreen=\"allowfullscreen\"><\/iframe><\/p>\n<p>&nbsp;<\/p>\n<hr \/>\n<p><strong>INFORMACJA<\/strong><\/p>\n<p>Osoby niepe\u0142nosprawne, kt\u00f3re planuj\u0105 wizyt\u0119 w WIIH proszone s\u0105 o wcze\u015bniejszy kontakt telefoniczny\u00a0b\u0105d\u017a e-mailowy w celu uzgodnienia dogodnego terminu.<\/p>\n<p>Sekretariat\u00a0\u00a0tel.\u00a0(42) 636-03-57, fax (42) 636-85-50;\u00a0e-mail:\u00a0<a href=\"mailto:sekretariat@wiih.lodz.pl\">sekretariat@wiih.lodz.pl<\/a><br \/>\nPRSK tel.\u00a0(42) 632-16-50; 731 794 646,\u00a0e-mail:\u00a0<a href=\"mailto:prsk@wiih.lodz.pl\">prsk@wiih.lodz.pl<\/a><\/p>\n<p>Administratorem danych osobowych jest \u0141\u00f3dzki Wojew\u00f3dzki Inspektor Inspekcji Handlowej (<a href=\"http:\/\/www.wiih.lodz.pl\/?p=3644\">wi\u0119cej<\/a>).<\/p>\n<hr \/>\n<p><strong>DELEGATURY<\/strong><\/p>\n<p><a href=\"https:\/\/goo.gl\/maps\/2sxWQhFrGAo\" target=\"_blank\" rel=\"noopener noreferrer\"><strong>97-300 PIOTRK\u00d3W TRYBUNALSKI<\/strong>, ul. M\u0142ynarska 2<\/a><br \/>\ntel. (44) 647-00-47; e-mail: <a href=\"mailto:piotrk%C3%B3w@wiih.lodz.pl\">piotrkow@wiih.lodz.pl<\/a><\/p>\n<p><a href=\"https:\/\/goo.gl\/maps\/1FQjJD1RjdN2\" target=\"_blank\" rel=\"noopener noreferrer\"><strong>98-200 SIERADZ<\/strong>, ul. Jana Paw\u0142a II 84L<\/a><br \/>\ntel. (43) 822-50-11; e-mail: <a href=\"mailto:sieradz@wiih.lodz.pl\">sieradz@wiih.lodz.pl<\/a><\/p>\n","protected":false},"excerpt":{"rendered":"<div class=\"mh-excerpt\"><p>Wojew\u00f3dzki Inspektorat Inspekcji Handlowej w \u0141odzi Kontakt poniedzia\u0142ek, wtorek, \u015broda, czwartek, pi\u0105tek: 7:30 &#8211; 15:30 Obs\u0142uga interesant\u00f3w w godzinach pracy urz\u0119du, w poniedzia\u0142ki: 7:30 &#8211; <a class=\"mh-excerpt-more\" href=\"https:\/\/www.wiih.lodz.pl\/\" title=\"\">[&#8230;]<\/a><\/p>\n<\/div>","protected":false},"author":1,"featured_media":2889,"parent":0,"menu_order":0,"comment_status":"closed","ping_status":"closed","template":"","meta":{"_exactmetrics_skip_tracking":false,"_exactmetrics_sitenote_active":false,"_exactmetrics_sitenote_note":"","_exactmetrics_sitenote_category":0,"footnotes":""},"class_list":["post-2771","page","type-page","status-publish","has-post-thumbnail","hentry"],"_links":{"self":[{"href":"https:\/\/www.wiih.lodz.pl\/index.php?rest_route=\/wp\/v2\/pages\/2771","targetHints":{"allow":["GET"]}}],"collection":[{"href":"https:\/\/www.wiih.lodz.pl\/index.php?rest_route=\/wp\/v2\/pages"}],"about":[{"href":"https:\/\/www.wiih.lodz.pl\/index.php?rest_route=\/wp\/v2\/types\/page"}],"author":[{"embeddable":true,"href":"https:\/\/www.wiih.lodz.pl\/index.php?rest_route=\/wp\/v2\/users\/1"}],"replies":[{"embeddable":true,"href":"https:\/\/www.wiih.lodz.pl\/index.php?rest_route=%2Fwp%2Fv2%2Fcomments&post=2771"}],"version-history":[{"count":134,"href":"https:\/\/www.wiih.lodz.pl\/index.php?rest_route=\/wp\/v2\/pages\/2771\/revisions"}],"predecessor-version":[{"id":6209,"href":"https:\/\/www.wiih.lodz.pl\/index.php?rest_route=\/wp\/v2\/pages\/2771\/revisions\/6209"}],"wp:featuredmedia":[{"embeddable":true,"href":"https:\/\/www.wiih.lodz.pl\/index.php?rest_route=\/wp\/v2\/media\/2889"}],"wp:attachment":[{"href":"https:\/\/www.wiih.lodz.pl\/index.php?rest_route=%2Fwp%2Fv2%2Fmedia&parent=2771"}],"curies":[{"name":"wp","href":"https:\/\/api.w.org\/{rel}","templated":true}]}}